{"id":174,"date":"2022-11-02T08:26:06","date_gmt":"2022-11-02T00:26:06","guid":{"rendered":"https:\/\/www.stevistech.com\/?post_type=product&#038;p=174"},"modified":"2025-07-15T17:15:17","modified_gmt":"2025-07-15T09:15:17","slug":"small-diameter-tube-precision-laser-cutting-machine","status":"publish","type":"product","link":"https:\/\/www.stevistech.com\/es_es\/product\/maquina-de-corte-laser-de-precision-para-tubos-de-diametro-pequeno\/","title":{"rendered":"M\u00e1quina de corte l\u00e1ser de precisi\u00f3n para tubos de di\u00e1metro peque\u00f1o"},"content":{"rendered":"","protected":false},"excerpt":{"rendered":"","protected":false},"featured_media":558,"parent":0,"menu_order":10,"template":"","meta":{"_acf_changed":false},"product_category":[8],"class_list":["post-174","product","type-product","status-publish","has-post-thumbnail","hentry","product_category-pipe-laser-cutting-machine"],"acf":[],"_links":{"self":[{"href":"https:\/\/www.stevistech.com\/es_es\/wp-json\/wp\/v2\/product\/174","targetHints":{"allow":["GET"]}}],"collection":[{"href":"https:\/\/www.stevistech.com\/es_es\/wp-json\/wp\/v2\/product"}],"about":[{"href":"https:\/\/www.stevistech.com\/es_es\/wp-json\/wp\/v2\/types\/product"}],"wp:featuredmedia":[{"embeddable":true,"href":"https:\/\/www.stevistech.com\/es_es\/wp-json\/wp\/v2\/media\/558"}],"wp:attachment":[{"href":"https:\/\/www.stevistech.com\/es_es\/wp-json\/wp\/v2\/media?parent=174"}],"wp:term":[{"taxonomy":"product_category","embeddable":true,"href":"https:\/\/www.stevistech.com\/es_es\/wp-json\/wp\/v2\/product_category?post=174"}],"curies":[{"name":"wp","href":"https:\/\/api.w.org\/{rel}","templated":true}]}}