{"id":3,"date":"2022-09-18T11:15:53","date_gmt":"2022-09-18T11:15:53","guid":{"rendered":"https:\/\/www.stevistech.com\/?page_id=3"},"modified":"2022-12-21T10:59:11","modified_gmt":"2022-12-21T02:59:11","slug":"privacy-policy","status":"publish","type":"page","link":"https:\/\/www.stevistech.com\/hu\/adatvedelmi-szabalyzat\/","title":{"rendered":"Adatv\u00e9delmi szab\u00e1lyzat"},"content":{"rendered":"<p>Ez az adatv\u00e9delmi szab\u00e1lyzat le\u00edrja, hogyan kezelj\u00fck szem\u00e9lyes adatait. A www.stevistech.com (a &quot;Webhely&quot;) haszn\u00e1lat\u00e1val \u00d6n hozz\u00e1j\u00e1rul szem\u00e9lyes adatainak t\u00e1rol\u00e1s\u00e1hoz, feldolgoz\u00e1s\u00e1hoz, tov\u00e1bb\u00edt\u00e1s\u00e1hoz \u00e9s k\u00f6zz\u00e9t\u00e9tel\u00e9hez, a jelen adatv\u00e9delmi szab\u00e1lyzatban le\u00edrtak szerint.<\/p>\n\n\n\n<p class=\"has-medium-font-size\"><strong>Gy\u0171jtem\u00e9ny<\/strong><\/p>\n\n\n\n<p>\u00d6n b\u00f6ng\u00e9szheti ezt a webhelyet an\u00e9lk\u00fcl, hogy b\u00e1rmilyen szem\u00e9lyes adatot megadna mag\u00e1r\u00f3l. Mindazon\u00e1ltal, hogy \u00e9rtes\u00edt\u00e9seket, friss\u00edt\u00e9seket kapjunk, vagy tov\u00e1bbi inform\u00e1ci\u00f3kat k\u00e9rj\u00fcnk a www.stevistech.com-r\u00f3l vagy err\u0151l a webhelyr\u0151l, a k\u00f6vetkez\u0151 inform\u00e1ci\u00f3kat gy\u0171jthetj\u00fck:<\/p>\n\n\n\n<p>n\u00e9v, el\u00e9rhet\u0151s\u00e9gi adatok, e-mail c\u00edm \u00e9s felhaszn\u00e1l\u00f3i azonos\u00edt\u00f3;<\/p>\n\n\n\n<p>t\u0151l\u00fcnk vagy t\u0151l\u00fcnk k\u00fcld\u00f6tt levelez\u00e9s;<\/p>\n\n\n\n<p>b\u00e1rmilyen tov\u00e1bbi inform\u00e1ci\u00f3, amelyet megadni szeretne; \u00e9s a Webhely\u00fcnkkel, a szolg\u00e1ltat\u00e1sokkal, a tartalommal \u00e9s a hirdet\u00e9sekkel val\u00f3 interakci\u00f3b\u00f3l sz\u00e1rmaz\u00f3 egy\u00e9b inform\u00e1ci\u00f3k, bele\u00e9rtve a sz\u00e1m\u00edt\u00f3g\u00e9pes \u00e9s csatlakoz\u00e1si inform\u00e1ci\u00f3kat, az oldalmegtekint\u00e9sekre vonatkoz\u00f3 statisztik\u00e1kat, a webhelyre \u00e9rkez\u0151 \u00e9s onnan \u00e9rkez\u0151 forgalmat, a hirdet\u00e9si adatokat, az IP-c\u00edmet \u00e9s a szabv\u00e1nyos webnapl\u00f3-inform\u00e1ci\u00f3kat.<\/p>\n\n\n\n<p>Ha \u00fagy d\u00f6nt, hogy szem\u00e9lyes adatokat ad meg nek\u00fcnk, beleegyezik ezeknek az adatoknak az Egyes\u00fclt \u00c1llamokban tal\u00e1lhat\u00f3 szervereinken val\u00f3 tov\u00e1bb\u00edt\u00e1s\u00e1ba \u00e9s t\u00e1rol\u00e1s\u00e1ba.<\/p>\n\n\n\n<p class=\"has-medium-font-size\"><strong>Haszn\u00e1lat<\/strong><\/p>\n\n\n\n<p>Szem\u00e9lyes adatait arra haszn\u00e1ljuk, hogy biztos\u00edtsuk az \u00d6n \u00e1ltal k\u00e9rt szolg\u00e1ltat\u00e1sokat, kommunik\u00e1ljunk \u00d6nnel, elh\u00e1r\u00edtsuk a probl\u00e9m\u00e1kat, szem\u00e9lyre szabjuk az \u00e9lm\u00e9nyt, t\u00e1j\u00e9koztassuk szolg\u00e1ltat\u00e1sainkr\u00f3l \u00e9s a Webhely friss\u00edt\u00e9seir\u0151l, \u00e9s m\u00e9rj\u00fck az \u00e9rdekl\u0151d\u00e9st oldalaink \u00e9s szolg\u00e1ltat\u00e1saink ir\u00e1nt.<\/p>\n\n\n\n<p class=\"has-medium-font-size\"><strong>K\u00f6zz\u00e9t\u00e9tel<\/strong><\/p>\n\n\n\n<p>Az \u00d6n kifejezett hozz\u00e1j\u00e1rul\u00e1sa n\u00e9lk\u00fcl nem adjuk el vagy adjuk b\u00e9rbe szem\u00e9lyes adatait harmadik feleknek marketingc\u00e9lokra. Felfedhet\u00fcnk szem\u00e9lyes adatokat, hogy megfelelj\u00fcnk a jogi k\u00f6vetelm\u00e9nyeknek, \u00e9rv\u00e9nyes\u00edts\u00fck ir\u00e1nyelveinket, v\u00e1laszoljunk azokra az \u00e1ll\u00edt\u00e1sokra, amelyek szerint egy bejegyz\u00e9s vagy m\u00e1s tartalom s\u00e9rti m\u00e1sok jogait, vagy megv\u00e9dj\u00fck b\u00e1rki jogait, tulajdon\u00e1t vagy biztons\u00e1g\u00e1t. Az ilyen inform\u00e1ci\u00f3kat a vonatkoz\u00f3 t\u00f6rv\u00e9nyeknek \u00e9s el\u0151\u00edr\u00e1soknak megfelel\u0151en nyilv\u00e1noss\u00e1gra hozzuk. A szem\u00e9lyes adatokat megoszthatjuk az \u00fczleti tev\u00e9kenys\u00e9g\u00fcnket seg\u00edt\u0151 szolg\u00e1ltat\u00f3kkal \u00e9s v\u00e1llalati csal\u00e1dunk tagjaival is, akik k\u00f6z\u00f6s tartalmat \u00e9s szolg\u00e1ltat\u00e1sokat ny\u00fajthatnak, valamint seg\u00edthetnek felder\u00edteni \u00e9s megakad\u00e1lyozni az esetlegesen jogellenes cselekm\u00e9nyeket. Ha azt tervezz\u00fck, hogy egyes\u00fcl\u00fcnk, vagy egy m\u00e1sik gazdas\u00e1gi t\u00e1rsas\u00e1g felv\u00e1s\u00e1rolja, megoszthatjuk a szem\u00e9lyes adatokat a m\u00e1sikkal, \u00e9s megk\u00f6vetelj\u00fck, hogy az \u00faj egyes\u00fclt jogalany k\u00f6vesse ezt az adatv\u00e9delmi szab\u00e1lyzatot az \u00d6n szem\u00e9lyes adatai tekintet\u00e9ben.<\/p>\n\n\n\n<p class=\"has-medium-font-size\"><strong>Hozz\u00e1f\u00e9r\u00e9s<\/strong><\/p>\n\n\n\n<p>Az \u00d6n \u00e1ltal megadott szem\u00e9lyes adatokhoz b\u00e1rmikor hozz\u00e1f\u00e9rhet vagy friss\u00edtheti, ha kapcsolatba l\u00e9p vel\u00fcnk a www.stevistech.com oldalon.<\/p>\n\n\n\n<p class=\"has-medium-font-size\"><strong>Biztons\u00e1g<\/strong><\/p>\n\n\n\n<p>Az inform\u00e1ci\u00f3kat olyan eszk\u00f6zk\u00e9nt kezelj\u00fck, amelyet meg kell v\u00e9deni, \u00e9s sz\u00e1mos eszk\u00f6zt haszn\u00e1lunk, hogy megv\u00e9dj\u00fck szem\u00e9lyes adatait a jogosulatlan hozz\u00e1f\u00e9r\u00e9st\u0151l \u00e9s nyilv\u00e1noss\u00e1gra hozatalt\u00f3l. Azonban, amint azt val\u00f3sz\u00edn\u0171leg \u00d6n is tudja, harmadik felek jogellenesen lehallgathatj\u00e1k vagy hozz\u00e1f\u00e9rhetnek az ad\u00e1sokhoz vagy a priv\u00e1t kommunik\u00e1ci\u00f3hoz. Ez\u00e9rt, b\u00e1r nagyon kem\u00e9nyen dolgozunk az \u00d6n adatainak v\u00e9delme \u00e9rdek\u00e9ben, nem \u00edg\u00e9rj\u00fck, \u00e9s ne sz\u00e1m\u00edtson arra, hogy szem\u00e9lyes adatai vagy priv\u00e1t kommunik\u00e1ci\u00f3ja mindig titkos marad.<\/p>\n\n\n\n<p class=\"has-medium-font-size\"><strong>\u00c1ltal\u00e1nos<\/strong><\/p>\n\n\n\n<p>Ezt a szab\u00e1lyzatot b\u00e1rmikor friss\u00edthetj\u00fck, ha a m\u00f3dos\u00edtott felt\u00e9teleket k\u00f6zz\u00e9tessz\u00fck ezen az oldalon. Minden m\u00f3dos\u00edtott felt\u00e9tel automatikusan \u00e9letbe l\u00e9p 30 nappal azut\u00e1n, hogy el\u0151sz\u00f6r k\u00f6zz\u00e9tett\u00e9k \u0151ket az oldalon. Ha k\u00e9rd\u00e9se van a szab\u00e1lyzattal kapcsolatban, k\u00e9rj\u00fck, k\u00fcldj\u00f6n e-mailt nek\u00fcnk.<\/p>","protected":false},"excerpt":{"rendered":"<p>This privacy policy describes how we handle your personal information. By using www.stevistech.com (the \"Site\") you consent to the storage, processing, transfer and disclosure of your personal information as described in this privacy policy. Collection You may browse this Site without providing any personal information about yourself. However, to receive notifications, updates or request additional [&hellip;]<\/p>","protected":false},"author":1,"featured_media":0,"parent":0,"menu_order":0,"comment_status":"closed","ping_status":"open","template":"","meta":{"_acf_changed":false,"footnotes":""},"class_list":["post-3","page","type-page","status-publish","hentry"],"acf":[],"rankMath":{"parentDomain":"www.stevistech.com","noFollowDomains":[],"noFollowExcludeDomains":[],"noFollowExternalLinks":false,"featuredImageNotice":"A kiemelt k\u00e9pnek legal\u00e1bb 200 x 200 pixel m\u00e9ret\u0171nek kell lennie, hogy a Facebook \u00e9s m\u00e1s szolg\u00e1ltat\u00e1sok megjelen\u00edthess\u00e9k.","pluginReviewed":false,"postSettings":{"linkSuggestions":true,"useFocusKeyword":false},"frontEndScore":false,"postName":"privacy-policy","permalinkFormat":"https:\/\/www.stevistech.com\/hu\/%pagename%\/","showLockModifiedDate":true,"assessor":{"focusKeywordLink":"https:\/\/www.stevistech.com\/wp-admin\/edit.php?focus_keyword=%focus_keyword%&post_type=%post_type%","hasTOCPlugin":false,"primaryTaxonomy":false,"serpData":{"title":"","description":"","focusKeywords":"","pillarContent":false,"canonicalUrl":"","breadcrumbTitle":"","advancedRobots":[],"facebookTitle":"","facebookDescription":"","facebookImage":"","facebookImageID":"","facebookHasOverlay":false,"facebookImageOverlay":"","facebookAuthor":"","twitterCardType":"","twitterUseFacebook":true,"twitterTitle":"","twitterDescription":"","twitterImage":"","twitterImageID":"","twitterHasOverlay":false,"twitterImageOverlay":"","twitterPlayerUrl":"","twitterPlayerSize":"","twitterPlayerStream":"","twitterPlayerStreamCtype":"","twitterAppDescription":"","twitterAppIphoneName":"","twitterAppIphoneID":"","twitterAppIphoneUrl":"","twitterAppIpadName":"","twitterAppIpadID":"","twitterAppIpadUrl":"","twitterAppGoogleplayName":"","twitterAppGoogleplayID":"","twitterAppGoogleplayUrl":"","twitterAppCountry":"","robots":{"index":true},"twitterAuthor":"felhaszn\u00e1l\u00f3n\u00e9v","primaryTerm":0,"authorName":"Gordon","titleTemplate":"%title% %sep% %sitename%","descriptionTemplate":"%excerpt%","showScoreFrontend":true,"lockModifiedDate":false},"powerWords":["elk\u00e9peszt\u0151","megd\u00f6bbent\u0151","szenz\u00e1ci\u00f3s","meglep\u0151","elragad\u00f3","f\u00e9lelmetes","ijeszt\u0151","vonz\u00f3","ellentmond\u00e1sos","zseni\u00e1lis","borzalmas","remek","elk\u00e1pr\u00e1ztat\u00f3","katasztrof\u00e1lis","megh\u00f6kkent\u0151","leny\u0171g\u00f6z\u0151","csod\u00e1latos","ijedt","megnyugtat\u00f3","felkavar\u00f3","inspir\u00e1l\u00f3","lehangol\u00f3","f\u00e1jdalmas","gy\u00f6ny\u00f6r\u0171","b\u00e1mulatos","megsz\u00e9d\u00edt\u0151","b\u0171n\u00f6s","\u00f6rd\u00f6gi","lebilincsel\u0151","megsemmis\u00edt\u0151","l\u00e1tv\u00e1nyos","h\u00e1tborzongat\u00f3","cs\u00e1b\u00edt\u00f3","f\u00e9ny\u0171z\u0151","sz\u00edvszor\u00edt\u00f3","tragikus","szertelen","\u00f6lel\u0151","megbocs\u00e1t\u00f3","\u00f6ntelt","\u00f6nz\u0151","buzg\u00f3","hajszolt","k\u00f6ny\u00f6rtelen","elm\u00e9s","fantasztikus","g\u00e1tl\u00e1stalan","\u0151rj\u00edt\u0151","visszatasz\u00edt\u00f3","f\u00e9ktelen","\u00f6sszet\u00f6rt","megrontott","f\u00e9nyes","v\u00e1ratlan","\u00e9l\u00e9nk","kifinomult","d\u00f6bbenetes","fel\u00fcd\u00edt\u0151","megv\u00e1lt\u00f3","megt\u00e9veszt\u0151","hat\u00e9kony","\u00e9rzelmes","\u00e9leter\u0151s","meghat\u00f3","haragos","el\u00e9gedett","bosszant\u00f3","nagylelk\u0171","ragyog\u00f3","izgalmas","csal\u00f3dott","megr\u00e1z\u00f3","m\u00e9lt\u00f3s\u00e1gteljes","cs\u00e1bos","befogad\u00f3","kirekeszt\u0151","lelkes","elk\u00e9sett","megd\u00f6nthetetlen","csod\u00e1lkoz\u00f3","fesz\u00fclt","dermeszt\u0151","forr\u00f3","\u00f6sszet\u00f6rt","\u00e9lvezetes","nyomaszt\u00f3","diadalmas","megsebzett","megtorl\u00f3","kitart\u00f3","rem\u00e9nytelen","\u00e9rz\u00e9keny","t\u0171n\u0151d\u0151","m\u00e1gikus","kif\u00fcrk\u00e9szhetetlen","v\u00e1gyakoz\u00f3","\u00fct\u0151s","megb\u00e9k\u00e9l\u0151","gy\u00e1szos"],"diacritics":{"A":"[\\u0041\\u24B6\\uFF21\\u00C0\\u00C1\\u00C2\\u1EA6\\u1EA4\\u1EAA\\u1EA8\\u00C3\\u0100\\u0102\\u1EB0\\u1EAE\\u1EB4\\u1EB2\\u0226\\u01E0\\u00C4\\u01DE\\u1EA2\\u00C5\\u01FA\\u01CD\\u0200\\u0202\\u1EA0\\u1EAC\\u1EB6\\u1E00\\u0104\\u023A\\u2C6F]","AA":"[\\uA732]","AE":"[\\u00C6\\u01FC\\u01E2]","AO":"[\\uA734]","AU":"[\\uA736]","AV":"[\\uA738\\uA73A]","AY":"[\\uA73C]","B":"[\\u0042\\u24B7\\uFF22\\u1E02\\u1E04\\u1E06\\u0243\\u0182\\u0181]","C":"[\\u0043\\u24B8\\uFF23\\u0106\\u0108\\u010A\\u010C\\u00C7\\u1E08\\u0187\\u023B\\uA73E]","D":"[\\u0044\\u24B9\\uFF24\\u1E0A\\u010E\\u1E0C\\u1E10\\u1E12\\u1E0E\\u0110\\u018B\\u018A\\u0189\\uA779]","DZ":"[\\u01F1\\u01C4]","Dz":"[\\u01F2\\u01C5]","E":"[\\u0045\\u24BA\\uFF25\\u00C8\\u00C9\\u00CA\\u1EC0\\u1EBE\\u1EC4\\u1EC2\\u1EBC\\u0112\\u1E14\\u1E16\\u0114\\u0116\\u00CB\\u1EBA\\u011A\\u0204\\u0206\\u1EB8\\u1EC6\\u0228\\u1E1C\\u0118\\u1E18\\u1E1A\\u0190\\u018E]","F":"[\\u0046\\u24BB\\uFF26\\u1E1E\\u0191\\uA77B]","G":"[\\u0047\\u24BC\\uFF27\\u01F4\\u011C\\u1E20\\u011E\\u0120\\u01E6\\u0122\\u01E4\\u0193\\uA7A0\\uA77D\\uA77E]","H":"[\\u0048\\u24BD\\uFF28\\u0124\\u1E22\\u1E26\\u021E\\u1E24\\u1E28\\u1E2A\\u0126\\u2C67\\u2C75\\uA78D]","I":"[\\u0049\\u24BE\\uFF29\\u00CC\\u00CD\\u00CE\\u0128\\u012A\\u012C\\u0130\\u00CF\\u1E2E\\u1EC8\\u01CF\\u0208\\u020A\\u1ECA\\u012E\\u1E2C\\u0197]","J":"[\\u004A\\u24BF\\uFF2A\\u0134\\u0248]","K":"[\\u004B\\u24C0\\uFF2B\\u1E30\\u01E8\\u1E32\\u0136\\u1E34\\u0198\\u2C69\\uA740\\uA742\\uA744\\uA7A2]","L":"[\\u004C\\u24C1\\uFF2C\\u013F\\u0139\\u013D\\u1E36\\u1E38\\u013B\\u1E3C\\u1E3A\\u0141\\u023D\\u2C62\\u2C60\\uA748\\uA746\\uA780]","LJ":"[\\u01C7]","Lj":"[\\u01C8]","M":"[\\u004D\\u24C2\\uFF2D\\u1E3E\\u1E40\\u1E42\\u2C6E\\u019C]","N":"[\\u004E\\u24C3\\uFF2E\\u01F8\\u0143\\u00D1\\u1E44\\u0147\\u1E46\\u0145\\u1E4A\\u1E48\\u0220\\u019D\\uA790\\uA7A4]","NJ":"[\\u01CA]","Nj":"[\\u01CB]","O":"[\\u004F\\u24C4\\uFF2F\\u00D2\\u00D3\\u00D4\\u1ED2\\u1ED0\\u1ED6\\u1ED4\\u00D5\\u1E4C\\u022C\\u1E4E\\u014C\\u1E50\\u1E52\\u014E\\u022E\\u0230\\u00D6\\u022A\\u1ECE\\u0150\\u01D1\\u020C\\u020E\\u01A0\\u1EDC\\u1EDA\\u1EE0\\u1EDE\\u1EE2\\u1ECC\\u1ED8\\u01EA\\u01EC\\u00D8\\u01FE\\u0186\\u019F\\uA74A\\uA74C]","OI":"[\\u01A2]","OO":"[\\uA74E]","OU":"[\\u0222]","P":"[\\u0050\\u24C5\\uFF30\\u1E54\\u1E56\\u01A4\\u2C63\\uA750\\uA752\\uA754]","Q":"[\\u0051\\u24C6\\uFF31\\uA756\\uA758\\u024A]","R":"[\\u0052\\u24C7\\uFF32\\u0154\\u1E58\\u0158\\u0210\\u0212\\u1E5A\\u1E5C\\u0156\\u1E5E\\u024C\\u2C64\\uA75A\\uA7A6\\uA782]","S":"[\\u0053\\u24C8\\uFF33\\u1E9E\\u015A\\u1E64\\u015C\\u1E60\\u0160\\u1E66\\u1E62\\u1E68\\u0218\\u015E\\u2C7E\\uA7A8\\uA784]","T":"[\\u0054\\u24C9\\uFF34\\u1E6A\\u0164\\u1E6C\\u021A\\u0162\\u1E70\\u1E6E\\u0166\\u01AC\\u01AE\\u023E\\uA786]","TZ":"[\\uA728]","U":"[\\u0055\\u24CA\\uFF35\\u00D9\\u00DA\\u00DB\\u0168\\u1E78\\u016A\\u1E7A\\u016C\\u00DC\\u01DB\\u01D7\\u01D5\\u01D9\\u1EE6\\u016E\\u0170\\u01D3\\u0214\\u0216\\u01AF\\u1EEA\\u1EE8\\u1EEE\\u1EEC\\u1EF0\\u1EE4\\u1E72\\u0172\\u1E76\\u1E74\\u0244]","V":"[\\u0056\\u24CB\\uFF36\\u1E7C\\u1E7E\\u01B2\\uA75E\\u0245]","VY":"[\\uA760]","W":"[\\u0057\\u24CC\\uFF37\\u1E80\\u1E82\\u0174\\u1E86\\u1E84\\u1E88\\u2C72]","X":"[\\u0058\\u24CD\\uFF38\\u1E8A\\u1E8C]","Y":"[\\u0059\\u24CE\\uFF39\\u1EF2\\u00DD\\u0176\\u1EF8\\u0232\\u1E8E\\u0178\\u1EF6\\u1EF4\\u01B3\\u024E\\u1EFE]","Z":"[\\u005A\\u24CF\\uFF3A\\u0179\\u1E90\\u017B\\u017D\\u1E92\\u1E94\\u01B5\\u0224\\u2C7F\\u2C6B\\uA762]","a":"[\\u0061\\u24D0\\uFF41\\u1E9A\\u00E0\\u00E1\\u00E2\\u1EA7\\u1EA5\\u1EAB\\u1EA9\\u00E3\\u0101\\u0103\\u1EB1\\u1EAF\\u1EB5\\u1EB3\\u0227\\u01E1\\u00E4\\u01DF\\u1EA3\\u00E5\\u01FB\\u01CE\\u0201\\u0203\\u1EA1\\u1EAD\\u1EB7\\u1E01\\u0105\\u2C65\\u0250]","aa":"[\\uA733]","ae":"[\\u00E6\\u01FD\\u01E3]","ao":"[\\uA735]","au":"[\\uA737]","av":"[\\uA739\\uA73B]","ay":"[\\uA73D]","b":"[\\u0062\\u24D1\\uFF42\\u1E03\\u1E05\\u1E07\\u0180\\u0183\\u0253]","c":"[\\u0063\\u24D2\\uFF43\\u0107\\u0109\\u010B\\u010D\\u00E7\\u1E09\\u0188\\u023C\\uA73F\\u2184]","d":"[\\u0064\\u24D3\\uFF44\\u1E0B\\u010F\\u1E0D\\u1E11\\u1E13\\u1E0F\\u0111\\u018C\\u0256\\u0257\\uA77A]","dz":"[\\u01F3\\u01C6]","e":"[\\u0065\\u24D4\\uFF45\\u00E8\\u00E9\\u00EA\\u1EC1\\u1EBF\\u1EC5\\u1EC3\\u1EBD\\u0113\\u1E15\\u1E17\\u0115\\u0117\\u00EB\\u1EBB\\u011B\\u0205\\u0207\\u1EB9\\u1EC7\\u0229\\u1E1D\\u0119\\u1E19\\u1E1B\\u0247\\u025B\\u01DD]","f":"[\\u0066\\u24D5\\uFF46\\u1E1F\\u0192\\uA77C]","g":"[\\u0067\\u24D6\\uFF47\\u01F5\\u011D\\u1E21\\u011F\\u0121\\u01E7\\u0123\\u01E5\\u0260\\uA7A1\\u1D79\\uA77F]","h":"[\\u0068\\u24D7\\uFF48\\u0125\\u1E23\\u1E27\\u021F\\u1E25\\u1E29\\u1E2B\\u1E96\\u0127\\u2C68\\u2C76\\u0265]","hv":"[\\u0195]","i":"[\\u0069\\u24D8\\uFF49\\u00EC\\u00ED\\u00EE\\u0129\\u012B\\u012D\\u00EF\\u1E2F\\u1EC9\\u01D0\\u0209\\u020B\\u1ECB\\u012F\\u1E2D\\u0268\\u0131]","j":"[\\u006A\\u24D9\\uFF4A\\u0135\\u01F0\\u0249]","k":"[\\u006B\\u24DA\\uFF4B\\u1E31\\u01E9\\u1E33\\u0137\\u1E35\\u0199\\u2C6A\\uA741\\uA743\\uA745\\uA7A3]","l":"[\\u006C\\u24DB\\uFF4C\\u0140\\u013A\\u013E\\u1E37\\u1E39\\u013C\\u1E3D\\u1E3B\\u017F\\u0142\\u019A\\u026B\\u2C61\\uA749\\uA781\\uA747]","lj":"[\\u01C9]","m":"[\\u006D\\u24DC\\uFF4D\\u1E3F\\u1E41\\u1E43\\u0271\\u026F]","n":"[\\u006E\\u24DD\\uFF4E\\u01F9\\u0144\\u00F1\\u1E45\\u0148\\u1E47\\u0146\\u1E4B\\u1E49\\u019E\\u0272\\u0149\\uA791\\uA7A5]","nj":"[\\u01CC]","o":"[\\u006F\\u24DE\\uFF4F\\u00F2\\u00F3\\u00F4\\u1ED3\\u1ED1\\u1ED7\\u1ED5\\u00F5\\u1E4D\\u022D\\u1E4F\\u014D\\u1E51\\u1E53\\u014F\\u022F\\u0231\\u00F6\\u022B\\u1ECF\\u0151\\u01D2\\u020D\\u020F\\u01A1\\u1EDD\\u1EDB\\u1EE1\\u1EDF\\u1EE3\\u1ECD\\u1ED9\\u01EB\\u01ED\\u00F8\\u01FF\\u0254\\uA74B\\uA74D\\u0275]","oi":"[\\u01A3]","ou":"[\\u0223]","oo":"[\\uA74F]","p":"[\\u0070\\u24DF\\uFF50\\u1E55\\u1E57\\u01A5\\u1D7D\\uA751\\uA753\\uA755]","q":"[\\u0071\\u24E0\\uFF51\\u024B\\uA757\\uA759]","r":"[\\u0072\\u24E1\\uFF52\\u0155\\u1E59\\u0159\\u0211\\u0213\\u1E5B\\u1E5D\\u0157\\u1E5F\\u024D\\u027D\\uA75B\\uA7A7\\uA783]","s":"[\\u0073\\u24E2\\uFF53\\u015B\\u1E65\\u015D\\u1E61\\u0161\\u1E67\\u1E63\\u1E69\\u0219\\u015F\\u023F\\uA7A9\\uA785\\u1E9B]","ss":"[\\u00DF]","t":"[\\u0074\\u24E3\\uFF54\\u1E6B\\u1E97\\u0165\\u1E6D\\u021B\\u0163\\u1E71\\u1E6F\\u0167\\u01AD\\u0288\\u2C66\\uA787]","tz":"[\\uA729]","u":"[\\u0075\\u24E4\\uFF55\\u00F9\\u00FA\\u00FB\\u0169\\u1E79\\u016B\\u1E7B\\u016D\\u00FC\\u01DC\\u01D8\\u01D6\\u01DA\\u1EE7\\u016F\\u0171\\u01D4\\u0215\\u0217\\u01B0\\u1EEB\\u1EE9\\u1EEF\\u1EED\\u1EF1\\u1EE5\\u1E73\\u0173\\u1E77\\u1E75\\u0289]","v":"[\\u0076\\u24E5\\uFF56\\u1E7D\\u1E7F\\u028B\\uA75F\\u028C]","vy":"[\\uA761]","w":"[\\u0077\\u24E6\\uFF57\\u1E81\\u1E83\\u0175\\u1E87\\u1E85\\u1E98\\u1E89\\u2C73]","x":"[\\u0078\\u24E7\\uFF58\\u1E8B\\u1E8D]","y":"[\\u0079\\u24E8\\uFF59\\u1EF3\\u00FD\\u0177\\u1EF9\\u0233\\u1E8F\\u00FF\\u1EF7\\u1E99\\u1EF5\\u01B4\\u024F\\u1EFF]","z":"[\\u007A\\u24E9\\uFF5A\\u017A\\u1E91\\u017C\\u017E\\u1E93\\u1E95\\u01B6\\u0225\\u0240\\u2C6C\\uA763]"},"researchesTests":["contentHasTOC","contentHasShortParagraphs","contentHasAssets","keywordInTitle","keywordInMetaDescription","keywordInPermalink","keywordIn10Percent","keywordInContent","keywordInSubheadings","keywordInImageAlt","keywordDensity","keywordNotUsed","lengthContent","lengthPermalink","linksHasInternal","linksHasExternals","linksNotAllExternals","titleStartWithKeyword","titleSentiment","titleHasPowerWords","titleHasNumber","hasContentAI"],"hasRedirection":false,"hasBreadcrumb":false},"homeUrl":"https:\/\/www.stevistech.com\/hu","objectID":3,"objectType":"post","locale":"hu","localeFull":"hu_HU","overlayImages":{"play":{"name":"Lej\u00e1tsz\u00e1s ikon","url":"https:\/\/www.stevistech.com\/wp-content\/plugins\/seo-by-rank-math\/assets\/admin\/img\/icon-play.png","path":"\/home\/u586227558\/domains\/stevistech.com\/public_html\/wp-content\/plugins\/seo-by-rank-math\/assets\/admin\/img\/icon-play.png","position":"middle_center"},"gif":{"name":"GIF ikon","url":"https:\/\/www.stevistech.com\/wp-content\/plugins\/seo-by-rank-math\/assets\/admin\/img\/icon-gif.png","path":"\/home\/u586227558\/domains\/stevistech.com\/public_html\/wp-content\/plugins\/seo-by-rank-math\/assets\/admin\/img\/icon-gif.png","position":"middle_center"}},"defautOgImage":"https:\/\/stevistech.com\/wp-content\/uploads\/2022\/11\/factory-door.jpg","customPermalinks":true,"isUserRegistered":false,"autoSuggestKeywords":false,"connectSiteUrl":"https:\/\/rankmath.com\/auth?site=https%3A%2F%2Fwww.stevistech.com%2Fhu&r=https%3A%2F%2Fwww.stevistech.com%2Fhu%2Fwp-json%2Fwp%2Fv2%2Fpages%2F3%3Fnonce%3Dc628c94fb7","maxTags":5,"trendsIcon":"<svg viewBox=\"0 0 610 610\"><path d=\"M18.85,446,174.32,290.48l58.08,58.08L76.93,504a14.54,14.54,0,0,1-20.55,0L18.83,466.48a14.54,14.54,0,0,1,0-20.55Z\" style=\"fill:#4285f4\"\/><path d=\"M242.65,242.66,377.59,377.6l-47.75,47.75a14.54,14.54,0,0,1-20.55,0L174.37,290.43l47.75-47.75A14.52,14.52,0,0,1,242.65,242.66Z\" style=\"fill:#ea4335\"\/><polygon points=\"319.53 319.53 479.26 159.8 537.34 217.88 377.61 377.62 319.53 319.53\" style=\"fill:#fabb05\"\/><path d=\"M594.26,262.73V118.61h0a16.94,16.94,0,0,0-16.94-16.94H433.2a16.94,16.94,0,0,0-12,28.92L565.34,274.71h0a16.94,16.94,0,0,0,28.92-12Z\" style=\"fill:#34a853\"\/><rect width=\"610\" height=\"610\" style=\"fill:none\"\/><\/svg>","showScore":true,"siteFavIcon":"https:\/\/www.stevistech.com\/wp-content\/uploads\/2023\/06\/cropped-stevis-logo-icon-32x32.jpg","canUser":{"general":false,"advanced":false,"snippet":false,"social":false,"analysis":false,"analytics":false,"content_ai":false},"showKeywordIntent":true,"isPro":false,"is_front_page":false,"trendsUpgradeLink":"https:\/\/rankmath.com\/pricing\/?utm_source=Plugin&utm_medium=CE%20General%20Tab%20Trends&utm_campaign=WP","trendsUpgradeLabel":"Friss\u00edt\u00e9s","trendsPreviewImage":"https:\/\/www.stevistech.com\/wp-content\/plugins\/seo-by-rank-math\/assets\/admin\/img\/trends-preview.jpg","currentEditor":false,"homepageData":{"assessor":{"powerWords":["elk\u00e9peszt\u0151","megd\u00f6bbent\u0151","szenz\u00e1ci\u00f3s","meglep\u0151","elragad\u00f3","f\u00e9lelmetes","ijeszt\u0151","vonz\u00f3","ellentmond\u00e1sos","zseni\u00e1lis","borzalmas","remek","elk\u00e1pr\u00e1ztat\u00f3","katasztrof\u00e1lis","megh\u00f6kkent\u0151","leny\u0171g\u00f6z\u0151","csod\u00e1latos","ijedt","megnyugtat\u00f3","felkavar\u00f3","inspir\u00e1l\u00f3","lehangol\u00f3","f\u00e1jdalmas","gy\u00f6ny\u00f6r\u0171","b\u00e1mulatos","megsz\u00e9d\u00edt\u0151","b\u0171n\u00f6s","\u00f6rd\u00f6gi","lebilincsel\u0151","megsemmis\u00edt\u0151","l\u00e1tv\u00e1nyos","h\u00e1tborzongat\u00f3","cs\u00e1b\u00edt\u00f3","f\u00e9ny\u0171z\u0151","sz\u00edvszor\u00edt\u00f3","tragikus","szertelen","\u00f6lel\u0151","megbocs\u00e1t\u00f3","\u00f6ntelt","\u00f6nz\u0151","buzg\u00f3","hajszolt","k\u00f6ny\u00f6rtelen","elm\u00e9s","fantasztikus","g\u00e1tl\u00e1stalan","\u0151rj\u00edt\u0151","visszatasz\u00edt\u00f3","f\u00e9ktelen","\u00f6sszet\u00f6rt","megrontott","f\u00e9nyes","v\u00e1ratlan","\u00e9l\u00e9nk","kifinomult","d\u00f6bbenetes","fel\u00fcd\u00edt\u0151","megv\u00e1lt\u00f3","megt\u00e9veszt\u0151","hat\u00e9kony","\u00e9rzelmes","\u00e9leter\u0151s","meghat\u00f3","haragos","el\u00e9gedett","bosszant\u00f3","nagylelk\u0171","ragyog\u00f3","izgalmas","csal\u00f3dott","megr\u00e1z\u00f3","m\u00e9lt\u00f3s\u00e1gteljes","cs\u00e1bos","befogad\u00f3","kirekeszt\u0151","lelkes","elk\u00e9sett","megd\u00f6nthetetlen","csod\u00e1lkoz\u00f3","fesz\u00fclt","dermeszt\u0151","forr\u00f3","\u00f6sszet\u00f6rt","\u00e9lvezetes","nyomaszt\u00f3","diadalmas","megsebzett","megtorl\u00f3","kitart\u00f3","rem\u00e9nytelen","\u00e9rz\u00e9keny","t\u0171n\u0151d\u0151","m\u00e1gikus","kif\u00fcrk\u00e9szhetetlen","v\u00e1gyakoz\u00f3","\u00fct\u0151s","megb\u00e9k\u00e9l\u0151","gy\u00e1szos"],"diacritics":true,"researchesTests":["contentHasTOC","contentHasShortParagraphs","contentHasAssets","keywordInTitle","keywordInMetaDescription","keywordInPermalink","keywordIn10Percent","keywordInContent","keywordInSubheadings","keywordInImageAlt","keywordDensity","keywordNotUsed","lengthContent","lengthPermalink","linksHasInternal","linksHasExternals","linksNotAllExternals","titleStartWithKeyword","titleSentiment","titleHasPowerWords","titleHasNumber","hasContentAI"],"hasBreadcrumb":false,"serpData":{"title":"%sitename% %page% %sep% %sitedesc%","description":"","titleTemplate":"%sitename% %page% %sep% %sitedesc%","descriptionTemplate":"","focusKeywords":"","breadcrumbTitle":"Home","robots":{"index":true},"advancedRobots":[],"facebookTitle":"","facebookDescription":"","facebookImage":"","facebookImageID":""}}},"tocTitle":"Table of Contents","tocExcludeHeadings":[],"listStyle":"ul"},"_links":{"self":[{"href":"https:\/\/www.stevistech.com\/hu\/wp-json\/wp\/v2\/pages\/3","targetHints":{"allow":["GET"]}}],"collection":[{"href":"https:\/\/www.stevistech.com\/hu\/wp-json\/wp\/v2\/pages"}],"about":[{"href":"https:\/\/www.stevistech.com\/hu\/wp-json\/wp\/v2\/types\/page"}],"author":[{"embeddable":true,"href":"https:\/\/www.stevistech.com\/hu\/wp-json\/wp\/v2\/users\/1"}],"replies":[{"embeddable":true,"href":"https:\/\/www.stevistech.com\/hu\/wp-json\/wp\/v2\/comments?post=3"}],"version-history":[{"count":1,"href":"https:\/\/www.stevistech.com\/hu\/wp-json\/wp\/v2\/pages\/3\/revisions"}],"predecessor-version":[{"id":464,"href":"https:\/\/www.stevistech.com\/hu\/wp-json\/wp\/v2\/pages\/3\/revisions\/464"}],"wp:attachment":[{"href":"https:\/\/www.stevistech.com\/hu\/wp-json\/wp\/v2\/media?parent=3"}],"curies":[{"name":"wp","href":"https:\/\/api.w.org\/{rel}","templated":true}]}}