{"id":1022,"date":"2024-04-19T13:38:02","date_gmt":"2024-04-19T05:38:02","guid":{"rendered":"https:\/\/www.stevistech.com\/?post_type=product&#038;p=1022"},"modified":"2026-01-31T09:48:22","modified_gmt":"2026-01-31T01:48:22","slug":"sheet-metal-coil-fiber-laser-cutting-machine","status":"publish","type":"product","link":"https:\/\/www.stevistech.com\/hu\/product\/lemeztekercs-szalas-lezervago-gep\/","title":{"rendered":"F\u00e9mlemez tekercssz\u00e1las l\u00e9zerv\u00e1g\u00f3 g\u00e9p"},"content":{"rendered":"","protected":false},"excerpt":{"rendered":"","protected":false},"featured_media":1021,"parent":0,"menu_order":5,"template":"","meta":{"_acf_changed":true},"product_category":[26],"class_list":["post-1022","product","type-product","status-publish","has-post-thumbnail","hentry","product_category-customized-products-automated-production-line"],"acf":[],"_links":{"self":[{"href":"https:\/\/www.stevistech.com\/hu\/wp-json\/wp\/v2\/product\/1022","targetHints":{"allow":["GET"]}}],"collection":[{"href":"https:\/\/www.stevistech.com\/hu\/wp-json\/wp\/v2\/product"}],"about":[{"href":"https:\/\/www.stevistech.com\/hu\/wp-json\/wp\/v2\/types\/product"}],"wp:featuredmedia":[{"embeddable":true,"href":"https:\/\/www.stevistech.com\/hu\/wp-json\/wp\/v2\/media\/1021"}],"wp:attachment":[{"href":"https:\/\/www.stevistech.com\/hu\/wp-json\/wp\/v2\/media?parent=1022"}],"wp:term":[{"taxonomy":"product_category","embeddable":true,"href":"https:\/\/www.stevistech.com\/hu\/wp-json\/wp\/v2\/product_category?post=1022"}],"curies":[{"name":"wp","href":"https:\/\/api.w.org\/{rel}","templated":true}]}}