{"id":1539,"date":"2025-04-17T15:21:35","date_gmt":"2025-04-17T07:21:35","guid":{"rendered":"https:\/\/www.stevistech.com\/?post_type=product&#038;p=1539"},"modified":"2025-07-15T17:07:46","modified_gmt":"2025-07-15T09:07:46","slug":"single-axis-horizontal-positioner-welding-robot","status":"publish","type":"product","link":"https:\/\/www.stevistech.com\/hu\/product\/egytengelyes-vizszintes-pozicionalo-hegesztorobot\/","title":{"rendered":"Egytengelyes v\u00edzszintes pozicion\u00e1l\u00f3 hegeszt\u0151robothoz"},"content":{"rendered":"","protected":false},"excerpt":{"rendered":"","protected":false},"featured_media":1536,"parent":0,"menu_order":0,"template":"","meta":{"_acf_changed":true},"product_category":[96],"class_list":["post-1539","product","type-product","status-publish","has-post-thumbnail","hentry","product_category-robot-solutions"],"acf":[],"_links":{"self":[{"href":"https:\/\/www.stevistech.com\/hu\/wp-json\/wp\/v2\/product\/1539","targetHints":{"allow":["GET"]}}],"collection":[{"href":"https:\/\/www.stevistech.com\/hu\/wp-json\/wp\/v2\/product"}],"about":[{"href":"https:\/\/www.stevistech.com\/hu\/wp-json\/wp\/v2\/types\/product"}],"wp:featuredmedia":[{"embeddable":true,"href":"https:\/\/www.stevistech.com\/hu\/wp-json\/wp\/v2\/media\/1536"}],"wp:attachment":[{"href":"https:\/\/www.stevistech.com\/hu\/wp-json\/wp\/v2\/media?parent=1539"}],"wp:term":[{"taxonomy":"product_category","embeddable":true,"href":"https:\/\/www.stevistech.com\/hu\/wp-json\/wp\/v2\/product_category?post=1539"}],"curies":[{"name":"wp","href":"https:\/\/api.w.org\/{rel}","templated":true}]}}