{"id":1544,"date":"2025-04-18T10:49:47","date_gmt":"2025-04-18T02:49:47","guid":{"rendered":"https:\/\/www.stevistech.com\/?post_type=product&#038;p=1544"},"modified":"2025-04-18T15:12:00","modified_gmt":"2025-04-18T07:12:00","slug":"industrial-chiller","status":"publish","type":"product","link":"https:\/\/www.stevistech.com\/hu\/product\/ipari-hutoberendezes\/","title":{"rendered":"Ipari h\u0171t\u0151 l\u00e9zeres g\u00e9pekhez"},"content":{"rendered":"","protected":false},"excerpt":{"rendered":"","protected":false},"featured_media":1543,"parent":0,"menu_order":0,"template":"","meta":{"_acf_changed":true},"product_category":[29],"class_list":["post-1544","product","type-product","status-publish","has-post-thumbnail","hentry","product_category-auxiliary-equipment-spare-parts"],"acf":[],"_links":{"self":[{"href":"https:\/\/www.stevistech.com\/hu\/wp-json\/wp\/v2\/product\/1544","targetHints":{"allow":["GET"]}}],"collection":[{"href":"https:\/\/www.stevistech.com\/hu\/wp-json\/wp\/v2\/product"}],"about":[{"href":"https:\/\/www.stevistech.com\/hu\/wp-json\/wp\/v2\/types\/product"}],"wp:featuredmedia":[{"embeddable":true,"href":"https:\/\/www.stevistech.com\/hu\/wp-json\/wp\/v2\/media\/1543"}],"wp:attachment":[{"href":"https:\/\/www.stevistech.com\/hu\/wp-json\/wp\/v2\/media?parent=1544"}],"wp:term":[{"taxonomy":"product_category","embeddable":true,"href":"https:\/\/www.stevistech.com\/hu\/wp-json\/wp\/v2\/product_category?post=1544"}],"curies":[{"name":"wp","href":"https:\/\/api.w.org\/{rel}","templated":true}]}}