{"id":1747,"date":"2025-07-14T06:38:52","date_gmt":"2025-07-13T22:38:52","guid":{"rendered":"https:\/\/www.stevistech.com\/?post_type=product&#038;p=1747"},"modified":"2026-01-31T09:57:33","modified_gmt":"2026-01-31T01:57:33","slug":"cnc-pipe-bending-machine-2","status":"publish","type":"product","link":"https:\/\/www.stevistech.com\/hu\/product\/cnc-pipe-bending-machine-2\/","title":{"rendered":"CNC cs\u0151hajl\u00edt\u00f3 g\u00e9p"},"content":{"rendered":"","protected":false},"excerpt":{"rendered":"","protected":false},"featured_media":1735,"parent":0,"menu_order":0,"template":"","meta":{"_acf_changed":true},"product_category":[86],"class_list":["post-1747","product","type-product","status-publish","has-post-thumbnail","hentry","product_category-press-brake-machine"],"acf":[],"_links":{"self":[{"href":"https:\/\/www.stevistech.com\/hu\/wp-json\/wp\/v2\/product\/1747","targetHints":{"allow":["GET"]}}],"collection":[{"href":"https:\/\/www.stevistech.com\/hu\/wp-json\/wp\/v2\/product"}],"about":[{"href":"https:\/\/www.stevistech.com\/hu\/wp-json\/wp\/v2\/types\/product"}],"wp:featuredmedia":[{"embeddable":true,"href":"https:\/\/www.stevistech.com\/hu\/wp-json\/wp\/v2\/media\/1735"}],"wp:attachment":[{"href":"https:\/\/www.stevistech.com\/hu\/wp-json\/wp\/v2\/media?parent=1747"}],"wp:term":[{"taxonomy":"product_category","embeddable":true,"href":"https:\/\/www.stevistech.com\/hu\/wp-json\/wp\/v2\/product_category?post=1747"}],"curies":[{"name":"wp","href":"https:\/\/api.w.org\/{rel}","templated":true}]}}