{"id":179,"date":"2022-11-02T08:32:25","date_gmt":"2022-11-02T00:32:25","guid":{"rendered":"https:\/\/www.stevistech.com\/?post_type=product&#038;p=179"},"modified":"2026-01-31T10:27:26","modified_gmt":"2026-01-31T02:27:26","slug":"automatic-round-tube-laser-cut-off-machine","status":"publish","type":"product","link":"https:\/\/www.stevistech.com\/hu\/product\/automata-kerek-csoves-lezervago-gep\/","title":{"rendered":"Automatikus kerek cs\u00f6ves l\u00e9zerv\u00e1g\u00f3 g\u00e9p"},"content":{"rendered":"","protected":false},"excerpt":{"rendered":"","protected":false},"featured_media":557,"parent":0,"menu_order":9,"template":"","meta":{"_acf_changed":true},"product_category":[8],"class_list":["post-179","product","type-product","status-publish","has-post-thumbnail","hentry","product_category-pipe-laser-cutting-machine"],"acf":[],"_links":{"self":[{"href":"https:\/\/www.stevistech.com\/hu\/wp-json\/wp\/v2\/product\/179","targetHints":{"allow":["GET"]}}],"collection":[{"href":"https:\/\/www.stevistech.com\/hu\/wp-json\/wp\/v2\/product"}],"about":[{"href":"https:\/\/www.stevistech.com\/hu\/wp-json\/wp\/v2\/types\/product"}],"wp:featuredmedia":[{"embeddable":true,"href":"https:\/\/www.stevistech.com\/hu\/wp-json\/wp\/v2\/media\/557"}],"wp:attachment":[{"href":"https:\/\/www.stevistech.com\/hu\/wp-json\/wp\/v2\/media?parent=179"}],"wp:term":[{"taxonomy":"product_category","embeddable":true,"href":"https:\/\/www.stevistech.com\/hu\/wp-json\/wp\/v2\/product_category?post=179"}],"curies":[{"name":"wp","href":"https:\/\/api.w.org\/{rel}","templated":true}]}}