{"id":220,"date":"2022-11-03T03:58:59","date_gmt":"2022-11-02T19:58:59","guid":{"rendered":"https:\/\/www.stevistech.com\/?post_type=product&#038;p=220"},"modified":"2026-01-31T10:14:39","modified_gmt":"2026-01-31T02:14:39","slug":"steel-tube-mill-online-laser-cutting-line","status":"publish","type":"product","link":"https:\/\/www.stevistech.com\/hu\/product\/acelcso-malom-online-lezervago-vonal\/","title":{"rendered":"Ac\u00e9lcs\u0151 malom \u00e9s online l\u00e9zerv\u00e1g\u00f3 vonal"},"content":{"rendered":"","protected":false},"excerpt":{"rendered":"","protected":false},"featured_media":2022,"parent":0,"menu_order":7,"template":"","meta":{"_acf_changed":true},"product_category":[26],"class_list":["post-220","product","type-product","status-publish","has-post-thumbnail","hentry","product_category-customized-products-automated-production-line"],"acf":[],"_links":{"self":[{"href":"https:\/\/www.stevistech.com\/hu\/wp-json\/wp\/v2\/product\/220","targetHints":{"allow":["GET"]}}],"collection":[{"href":"https:\/\/www.stevistech.com\/hu\/wp-json\/wp\/v2\/product"}],"about":[{"href":"https:\/\/www.stevistech.com\/hu\/wp-json\/wp\/v2\/types\/product"}],"wp:featuredmedia":[{"embeddable":true,"href":"https:\/\/www.stevistech.com\/hu\/wp-json\/wp\/v2\/media\/2022"}],"wp:attachment":[{"href":"https:\/\/www.stevistech.com\/hu\/wp-json\/wp\/v2\/media?parent=220"}],"wp:term":[{"taxonomy":"product_category","embeddable":true,"href":"https:\/\/www.stevistech.com\/hu\/wp-json\/wp\/v2\/product_category?post=220"}],"curies":[{"name":"wp","href":"https:\/\/api.w.org\/{rel}","templated":true}]}}