{"id":988,"date":"2024-04-15T12:04:13","date_gmt":"2024-04-15T04:04:13","guid":{"rendered":"https:\/\/www.stevistech.com\/?post_type=product&#038;p=988"},"modified":"2024-04-15T15:05:04","modified_gmt":"2024-04-15T07:05:04","slug":"single-end-metal-pipe-rod-chamfering-machine","status":"publish","type":"product","link":"https:\/\/www.stevistech.com\/hu\/product\/egyvegu-femcsorud-letoro-gep\/","title":{"rendered":"Egyv\u00e9g\u0171 f\u00e9mcs\u0151- \u00e9s r\u00fadlet\u00f6r\u0151 g\u00e9p"},"content":{"rendered":"","protected":false},"excerpt":{"rendered":"","protected":false},"featured_media":969,"parent":0,"menu_order":3,"template":"","meta":{"_acf_changed":false},"product_category":[6],"class_list":["post-988","product","type-product","status-publish","has-post-thumbnail","hentry","product_category-pipe-bar-chamfering-machine"],"acf":[],"_links":{"self":[{"href":"https:\/\/www.stevistech.com\/hu\/wp-json\/wp\/v2\/product\/988","targetHints":{"allow":["GET"]}}],"collection":[{"href":"https:\/\/www.stevistech.com\/hu\/wp-json\/wp\/v2\/product"}],"about":[{"href":"https:\/\/www.stevistech.com\/hu\/wp-json\/wp\/v2\/types\/product"}],"wp:featuredmedia":[{"embeddable":true,"href":"https:\/\/www.stevistech.com\/hu\/wp-json\/wp\/v2\/media\/969"}],"wp:attachment":[{"href":"https:\/\/www.stevistech.com\/hu\/wp-json\/wp\/v2\/media?parent=988"}],"wp:term":[{"taxonomy":"product_category","embeddable":true,"href":"https:\/\/www.stevistech.com\/hu\/wp-json\/wp\/v2\/product_category?post=988"}],"curies":[{"name":"wp","href":"https:\/\/api.w.org\/{rel}","templated":true}]}}