{"id":1740,"date":"2025-07-14T06:32:49","date_gmt":"2025-07-13T22:32:49","guid":{"rendered":"https:\/\/www.stevistech.com\/?post_type=product&#038;p=1740"},"modified":"2026-01-31T10:32:46","modified_gmt":"2026-01-31T02:32:46","slug":"liquid-type-anti-spatter-fiber-laser-tube-cutting-machine","status":"publish","type":"product","link":"https:\/\/www.stevistech.com\/pl\/product\/liquid-type-anti-spatter-fiber-laser-tube-cutting-machine\/","title":{"rendered":"Maszyna do ci\u0119cia rur laserem \u015bwiat\u0142owodowym z pow\u0142ok\u0105 antyodpryskow\u0105 typu p\u0142ynnego"},"content":{"rendered":"","protected":false},"excerpt":{"rendered":"","protected":false},"featured_media":1757,"parent":0,"menu_order":9,"template":"","meta":{"_acf_changed":true},"product_category":[8],"class_list":["post-1740","product","type-product","status-publish","has-post-thumbnail","hentry","product_category-pipe-laser-cutting-machine"],"acf":[],"_links":{"self":[{"href":"https:\/\/www.stevistech.com\/pl\/wp-json\/wp\/v2\/product\/1740","targetHints":{"allow":["GET"]}}],"collection":[{"href":"https:\/\/www.stevistech.com\/pl\/wp-json\/wp\/v2\/product"}],"about":[{"href":"https:\/\/www.stevistech.com\/pl\/wp-json\/wp\/v2\/types\/product"}],"wp:featuredmedia":[{"embeddable":true,"href":"https:\/\/www.stevistech.com\/pl\/wp-json\/wp\/v2\/media\/1757"}],"wp:attachment":[{"href":"https:\/\/www.stevistech.com\/pl\/wp-json\/wp\/v2\/media?parent=1740"}],"wp:term":[{"taxonomy":"product_category","embeddable":true,"href":"https:\/\/www.stevistech.com\/pl\/wp-json\/wp\/v2\/product_category?post=1740"}],"curies":[{"name":"wp","href":"https:\/\/api.w.org\/{rel}","templated":true}]}}