{"id":1743,"date":"2025-07-14T06:35:27","date_gmt":"2025-07-13T22:35:27","guid":{"rendered":"https:\/\/www.stevistech.com\/?post_type=product&#038;p=1743"},"modified":"2026-01-31T10:26:03","modified_gmt":"2026-01-31T02:26:03","slug":"laser-saw-hybrid-tube-profile-cutting-machine-2","status":"publish","type":"product","link":"https:\/\/www.stevistech.com\/pl\/product\/laser-saw-hybrid-tube-profile-cutting-machine-2\/","title":{"rendered":"Hybrydowa maszyna do ci\u0119cia profili rurowych za pomoc\u0105 pi\u0142y laserowej"},"content":{"rendered":"","protected":false},"excerpt":{"rendered":"","protected":false},"featured_media":1737,"parent":0,"menu_order":9,"template":"","meta":{"_acf_changed":true},"product_category":[8],"class_list":["post-1743","product","type-product","status-publish","has-post-thumbnail","hentry","product_category-pipe-laser-cutting-machine"],"acf":[],"_links":{"self":[{"href":"https:\/\/www.stevistech.com\/pl\/wp-json\/wp\/v2\/product\/1743","targetHints":{"allow":["GET"]}}],"collection":[{"href":"https:\/\/www.stevistech.com\/pl\/wp-json\/wp\/v2\/product"}],"about":[{"href":"https:\/\/www.stevistech.com\/pl\/wp-json\/wp\/v2\/types\/product"}],"wp:featuredmedia":[{"embeddable":true,"href":"https:\/\/www.stevistech.com\/pl\/wp-json\/wp\/v2\/media\/1737"}],"wp:attachment":[{"href":"https:\/\/www.stevistech.com\/pl\/wp-json\/wp\/v2\/media?parent=1743"}],"wp:term":[{"taxonomy":"product_category","embeddable":true,"href":"https:\/\/www.stevistech.com\/pl\/wp-json\/wp\/v2\/product_category?post=1743"}],"curies":[{"name":"wp","href":"https:\/\/api.w.org\/{rel}","templated":true}]}}