{"id":223,"date":"2022-11-03T04:00:24","date_gmt":"2022-11-02T20:00:24","guid":{"rendered":"https:\/\/www.stevistech.com\/?post_type=product&#038;p=223"},"modified":"2026-02-03T17:11:31","modified_gmt":"2026-02-03T09:11:31","slug":"cnc-automatic-metal-circular-saw-cutting-machine","status":"publish","type":"product","link":"https:\/\/www.stevistech.com\/pl\/product\/automatyczna-maszyna-do-ciecia-pila-tarczowa-do-metalu-cnc\/","title":{"rendered":"Automatyczna maszyna do ci\u0119cia metalu pi\u0142\u0105 tarczow\u0105 CNC"},"content":{"rendered":"","protected":false},"excerpt":{"rendered":"","protected":false},"featured_media":866,"parent":0,"menu_order":3,"template":"","meta":{"_acf_changed":true},"product_category":[5],"class_list":["post-223","product","type-product","status-publish","has-post-thumbnail","hentry","product_category-metal-circular-saw-cutting-machine"],"acf":[],"_links":{"self":[{"href":"https:\/\/www.stevistech.com\/pl\/wp-json\/wp\/v2\/product\/223","targetHints":{"allow":["GET"]}}],"collection":[{"href":"https:\/\/www.stevistech.com\/pl\/wp-json\/wp\/v2\/product"}],"about":[{"href":"https:\/\/www.stevistech.com\/pl\/wp-json\/wp\/v2\/types\/product"}],"wp:featuredmedia":[{"embeddable":true,"href":"https:\/\/www.stevistech.com\/pl\/wp-json\/wp\/v2\/media\/866"}],"wp:attachment":[{"href":"https:\/\/www.stevistech.com\/pl\/wp-json\/wp\/v2\/media?parent=223"}],"wp:term":[{"taxonomy":"product_category","embeddable":true,"href":"https:\/\/www.stevistech.com\/pl\/wp-json\/wp\/v2\/product_category?post=223"}],"curies":[{"name":"wp","href":"https:\/\/api.w.org\/{rel}","templated":true}]}}