{"id":983,"date":"2024-04-15T11:22:24","date_gmt":"2024-04-15T03:22:24","guid":{"rendered":"https:\/\/www.stevistech.com\/?post_type=product&#038;p=983"},"modified":"2025-02-27T18:37:38","modified_gmt":"2025-02-27T10:37:38","slug":"handheld-fiber-laser-cleaning-machine","status":"publish","type":"product","link":"https:\/\/www.stevistech.com\/pl\/product\/reczna-maszyna-czyszczaca-laserem-swiatlowodowym\/","title":{"rendered":"R\u0119czna maszyna czyszcz\u0105ca laserem \u015bwiat\u0142owodowym"},"content":{"rendered":"","protected":false},"excerpt":{"rendered":"","protected":false},"featured_media":978,"parent":0,"menu_order":4,"template":"","meta":{"_acf_changed":true},"product_category":[28],"class_list":["post-983","product","type-product","status-publish","has-post-thumbnail","hentry","product_category-laser-cleaning-machine"],"acf":[],"_links":{"self":[{"href":"https:\/\/www.stevistech.com\/pl\/wp-json\/wp\/v2\/product\/983","targetHints":{"allow":["GET"]}}],"collection":[{"href":"https:\/\/www.stevistech.com\/pl\/wp-json\/wp\/v2\/product"}],"about":[{"href":"https:\/\/www.stevistech.com\/pl\/wp-json\/wp\/v2\/types\/product"}],"wp:featuredmedia":[{"embeddable":true,"href":"https:\/\/www.stevistech.com\/pl\/wp-json\/wp\/v2\/media\/978"}],"wp:attachment":[{"href":"https:\/\/www.stevistech.com\/pl\/wp-json\/wp\/v2\/media?parent=983"}],"wp:term":[{"taxonomy":"product_category","embeddable":true,"href":"https:\/\/www.stevistech.com\/pl\/wp-json\/wp\/v2\/product_category?post=983"}],"curies":[{"name":"wp","href":"https:\/\/api.w.org\/{rel}","templated":true}]}}