{"id":990,"date":"2024-04-15T16:40:38","date_gmt":"2024-04-15T08:40:38","guid":{"rendered":"https:\/\/www.stevistech.com\/?post_type=product&#038;p=990"},"modified":"2024-04-15T16:45:15","modified_gmt":"2024-04-15T08:45:15","slug":"semi-automatic-aluminum-profile-cutting-machine","status":"publish","type":"product","link":"https:\/\/www.stevistech.com\/pl\/product\/polautomatyczna-maszyna-do-ciecia-profili-aluminiowych\/","title":{"rendered":"P\u00f3\u0142automatyczna maszyna do ci\u0119cia profili aluminiowych"},"content":{"rendered":"","protected":false},"excerpt":{"rendered":"","protected":false},"featured_media":991,"parent":0,"menu_order":3,"template":"","meta":{"_acf_changed":false},"product_category":[5],"class_list":["post-990","product","type-product","status-publish","has-post-thumbnail","hentry","product_category-metal-circular-saw-cutting-machine"],"acf":[],"_links":{"self":[{"href":"https:\/\/www.stevistech.com\/pl\/wp-json\/wp\/v2\/product\/990","targetHints":{"allow":["GET"]}}],"collection":[{"href":"https:\/\/www.stevistech.com\/pl\/wp-json\/wp\/v2\/product"}],"about":[{"href":"https:\/\/www.stevistech.com\/pl\/wp-json\/wp\/v2\/types\/product"}],"wp:featuredmedia":[{"embeddable":true,"href":"https:\/\/www.stevistech.com\/pl\/wp-json\/wp\/v2\/media\/991"}],"wp:attachment":[{"href":"https:\/\/www.stevistech.com\/pl\/wp-json\/wp\/v2\/media?parent=990"}],"wp:term":[{"taxonomy":"product_category","embeddable":true,"href":"https:\/\/www.stevistech.com\/pl\/wp-json\/wp\/v2\/product_category?post=990"}],"curies":[{"name":"wp","href":"https:\/\/api.w.org\/{rel}","templated":true}]}}