{"id":182,"date":"2022-11-02T08:35:16","date_gmt":"2022-11-02T00:35:16","guid":{"rendered":"https:\/\/www.stevistech.com\/?post_type=product&#038;p=182"},"modified":"2025-07-15T17:05:18","modified_gmt":"2025-07-15T09:05:18","slug":"fast-automatic-tube-laser-cutting-machine","status":"publish","type":"product","link":"https:\/\/www.stevistech.com\/pt\/product\/maquina-de-corte-a-laser-de-tubo-automatica-rapida\/","title":{"rendered":"M\u00e1quina de corte a laser de tubo autom\u00e1tica r\u00e1pida"},"content":{"rendered":"","protected":false},"excerpt":{"rendered":"","protected":false},"featured_media":568,"parent":0,"menu_order":6,"template":"","meta":{"_acf_changed":true},"product_category":[8],"class_list":["post-182","product","type-product","status-publish","has-post-thumbnail","hentry","product_category-pipe-laser-cutting-machine"],"acf":[],"_links":{"self":[{"href":"https:\/\/www.stevistech.com\/pt\/wp-json\/wp\/v2\/product\/182","targetHints":{"allow":["GET"]}}],"collection":[{"href":"https:\/\/www.stevistech.com\/pt\/wp-json\/wp\/v2\/product"}],"about":[{"href":"https:\/\/www.stevistech.com\/pt\/wp-json\/wp\/v2\/types\/product"}],"wp:featuredmedia":[{"embeddable":true,"href":"https:\/\/www.stevistech.com\/pt\/wp-json\/wp\/v2\/media\/568"}],"wp:attachment":[{"href":"https:\/\/www.stevistech.com\/pt\/wp-json\/wp\/v2\/media?parent=182"}],"wp:term":[{"taxonomy":"product_category","embeddable":true,"href":"https:\/\/www.stevistech.com\/pt\/wp-json\/wp\/v2\/product_category?post=182"}],"curies":[{"name":"wp","href":"https:\/\/api.w.org\/{rel}","templated":true}]}}