{"id":875,"date":"2023-12-07T11:07:07","date_gmt":"2023-12-07T03:07:07","guid":{"rendered":"https:\/\/www.stevistech.com\/?post_type=product&#038;p=875"},"modified":"2024-04-15T10:46:53","modified_gmt":"2024-04-15T02:46:53","slug":"double-head-aluminum-profile-circular-saw-cutting-machine","status":"publish","type":"product","link":"https:\/\/www.stevistech.com\/pt_br\/product\/maquina-de-corte-de-serra-circular-de-perfil-de-aluminio-de-cabeca-dupla\/","title":{"rendered":"M\u00e1quina de corte de perfil de alum\u00ednio de cabe\u00e7a dupla com serra circular"},"content":{"rendered":"","protected":false},"excerpt":{"rendered":"","protected":false},"featured_media":867,"parent":0,"menu_order":3,"template":"","meta":{"_acf_changed":false},"product_category":[5],"class_list":["post-875","product","type-product","status-publish","has-post-thumbnail","hentry","product_category-metal-circular-saw-cutting-machine"],"acf":[],"_links":{"self":[{"href":"https:\/\/www.stevistech.com\/pt_br\/wp-json\/wp\/v2\/product\/875","targetHints":{"allow":["GET"]}}],"collection":[{"href":"https:\/\/www.stevistech.com\/pt_br\/wp-json\/wp\/v2\/product"}],"about":[{"href":"https:\/\/www.stevistech.com\/pt_br\/wp-json\/wp\/v2\/types\/product"}],"wp:featuredmedia":[{"embeddable":true,"href":"https:\/\/www.stevistech.com\/pt_br\/wp-json\/wp\/v2\/media\/867"}],"wp:attachment":[{"href":"https:\/\/www.stevistech.com\/pt_br\/wp-json\/wp\/v2\/media?parent=875"}],"wp:term":[{"taxonomy":"product_category","embeddable":true,"href":"https:\/\/www.stevistech.com\/pt_br\/wp-json\/wp\/v2\/product_category?post=875"}],"curies":[{"name":"wp","href":"https:\/\/api.w.org\/{rel}","templated":true}]}}