{"id":1530,"date":"2025-04-11T10:13:49","date_gmt":"2025-04-11T02:13:49","guid":{"rendered":"https:\/\/www.stevistech.com\/?post_type=product&#038;p=1530"},"modified":"2025-07-15T17:05:43","modified_gmt":"2025-07-15T09:05:43","slug":"ultra-high-speed-metal-tube-laser-cutting-machine","status":"publish","type":"product","link":"https:\/\/www.stevistech.com\/ro\/product\/masina-de-taiat-cu-laser-pentru-tuburi-metalice-de-ultra-mare-viteza\/","title":{"rendered":"Ma\u0219in\u0103 de t\u0103iat cu laser pentru tuburi de ultra-\u00eenalt\u0103 vitez\u0103"},"content":{"rendered":"","protected":false},"excerpt":{"rendered":"","protected":false},"featured_media":1528,"parent":0,"menu_order":10,"template":"","meta":{"_acf_changed":false},"product_category":[8],"class_list":["post-1530","product","type-product","status-publish","has-post-thumbnail","hentry","product_category-pipe-laser-cutting-machine"],"acf":[],"_links":{"self":[{"href":"https:\/\/www.stevistech.com\/ro\/wp-json\/wp\/v2\/product\/1530","targetHints":{"allow":["GET"]}}],"collection":[{"href":"https:\/\/www.stevistech.com\/ro\/wp-json\/wp\/v2\/product"}],"about":[{"href":"https:\/\/www.stevistech.com\/ro\/wp-json\/wp\/v2\/types\/product"}],"wp:featuredmedia":[{"embeddable":true,"href":"https:\/\/www.stevistech.com\/ro\/wp-json\/wp\/v2\/media\/1528"}],"wp:attachment":[{"href":"https:\/\/www.stevistech.com\/ro\/wp-json\/wp\/v2\/media?parent=1530"}],"wp:term":[{"taxonomy":"product_category","embeddable":true,"href":"https:\/\/www.stevistech.com\/ro\/wp-json\/wp\/v2\/product_category?post=1530"}],"curies":[{"name":"wp","href":"https:\/\/api.w.org\/{rel}","templated":true}]}}