{"id":1531,"date":"2025-04-11T10:51:03","date_gmt":"2025-04-11T02:51:03","guid":{"rendered":"https:\/\/www.stevistech.com\/?post_type=product&#038;p=1531"},"modified":"2025-07-15T17:18:04","modified_gmt":"2025-07-15T09:18:04","slug":"affordable-high-speed-tube-laser-cutting-machine","status":"publish","type":"product","link":"https:\/\/www.stevistech.com\/ro\/product\/masina-de-taiat-cu-laser-pentru-tuburi-de-mare-viteza-la-preturi-accesibile\/","title":{"rendered":"Ma\u0219in\u0103 de t\u0103iat cu laser pentru tuburi de mare vitez\u0103 la pre\u021b accesibil"},"content":{"rendered":"","protected":false},"excerpt":{"rendered":"","protected":false},"featured_media":1525,"parent":0,"menu_order":7,"template":"","meta":{"_acf_changed":true},"product_category":[8],"class_list":["post-1531","product","type-product","status-publish","has-post-thumbnail","hentry","product_category-pipe-laser-cutting-machine"],"acf":[],"_links":{"self":[{"href":"https:\/\/www.stevistech.com\/ro\/wp-json\/wp\/v2\/product\/1531","targetHints":{"allow":["GET"]}}],"collection":[{"href":"https:\/\/www.stevistech.com\/ro\/wp-json\/wp\/v2\/product"}],"about":[{"href":"https:\/\/www.stevistech.com\/ro\/wp-json\/wp\/v2\/types\/product"}],"wp:featuredmedia":[{"embeddable":true,"href":"https:\/\/www.stevistech.com\/ro\/wp-json\/wp\/v2\/media\/1525"}],"wp:attachment":[{"href":"https:\/\/www.stevistech.com\/ro\/wp-json\/wp\/v2\/media?parent=1531"}],"wp:term":[{"taxonomy":"product_category","embeddable":true,"href":"https:\/\/www.stevistech.com\/ro\/wp-json\/wp\/v2\/product_category?post=1531"}],"curies":[{"name":"wp","href":"https:\/\/api.w.org\/{rel}","templated":true}]}}