{"id":1657,"date":"2025-06-05T19:06:03","date_gmt":"2025-06-05T11:06:03","guid":{"rendered":"https:\/\/www.stevistech.com\/?post_type=product&#038;p=1657"},"modified":"2026-01-31T10:38:31","modified_gmt":"2026-01-31T02:38:31","slug":"pull-out-platform-metal-fiber-laser-cutting-machine","status":"publish","type":"product","link":"https:\/\/www.stevistech.com\/ro\/product\/masina-de-taiat-cu-laser-cu-fibra-metalica-cu-platforma-extractibila\/","title":{"rendered":"Ma\u0219in\u0103 de t\u0103iere cu laser pentru metal cu platform\u0103 extractibil\u0103"},"content":{"rendered":"","protected":false},"excerpt":{"rendered":"","protected":false},"featured_media":2027,"parent":0,"menu_order":8,"template":"","meta":{"_acf_changed":true},"product_category":[11],"class_list":["post-1657","product","type-product","status-publish","has-post-thumbnail","hentry","product_category-metal-sheet-laser-cutting-machine"],"acf":[],"_links":{"self":[{"href":"https:\/\/www.stevistech.com\/ro\/wp-json\/wp\/v2\/product\/1657","targetHints":{"allow":["GET"]}}],"collection":[{"href":"https:\/\/www.stevistech.com\/ro\/wp-json\/wp\/v2\/product"}],"about":[{"href":"https:\/\/www.stevistech.com\/ro\/wp-json\/wp\/v2\/types\/product"}],"wp:featuredmedia":[{"embeddable":true,"href":"https:\/\/www.stevistech.com\/ro\/wp-json\/wp\/v2\/media\/2027"}],"wp:attachment":[{"href":"https:\/\/www.stevistech.com\/ro\/wp-json\/wp\/v2\/media?parent=1657"}],"wp:term":[{"taxonomy":"product_category","embeddable":true,"href":"https:\/\/www.stevistech.com\/ro\/wp-json\/wp\/v2\/product_category?post=1657"}],"curies":[{"name":"wp","href":"https:\/\/api.w.org\/{rel}","templated":true}]}}