{"id":185,"date":"2022-11-02T08:39:26","date_gmt":"2022-11-02T00:39:26","guid":{"rendered":"https:\/\/www.stevistech.com\/?post_type=product&#038;p=185"},"modified":"2026-01-31T09:48:14","modified_gmt":"2026-01-31T01:48:14","slug":"automatic-round-pipe-laser-cut-off-machine","status":"publish","type":"product","link":"https:\/\/www.stevistech.com\/ro\/product\/masina-automata-de-taiat-cu-laser-a-tevilor-rotunde\/","title":{"rendered":"Ma\u0219in\u0103 automat\u0103 de t\u0103iat cu laser pentru \u021bevi rotunde"},"content":{"rendered":"","protected":false},"excerpt":{"rendered":"","protected":false},"featured_media":567,"parent":0,"menu_order":6,"template":"","meta":{"_acf_changed":true},"product_category":[8],"class_list":["post-185","product","type-product","status-publish","has-post-thumbnail","hentry","product_category-pipe-laser-cutting-machine"],"acf":[],"_links":{"self":[{"href":"https:\/\/www.stevistech.com\/ro\/wp-json\/wp\/v2\/product\/185","targetHints":{"allow":["GET"]}}],"collection":[{"href":"https:\/\/www.stevistech.com\/ro\/wp-json\/wp\/v2\/product"}],"about":[{"href":"https:\/\/www.stevistech.com\/ro\/wp-json\/wp\/v2\/types\/product"}],"wp:featuredmedia":[{"embeddable":true,"href":"https:\/\/www.stevistech.com\/ro\/wp-json\/wp\/v2\/media\/567"}],"wp:attachment":[{"href":"https:\/\/www.stevistech.com\/ro\/wp-json\/wp\/v2\/media?parent=185"}],"wp:term":[{"taxonomy":"product_category","embeddable":true,"href":"https:\/\/www.stevistech.com\/ro\/wp-json\/wp\/v2\/product_category?post=185"}],"curies":[{"name":"wp","href":"https:\/\/api.w.org\/{rel}","templated":true}]}}