{"id":591,"date":"2023-03-31T17:06:15","date_gmt":"2023-03-31T09:06:15","guid":{"rendered":"https:\/\/www.stevistech.com\/?post_type=product&#038;p=591"},"modified":"2026-01-31T09:48:07","modified_gmt":"2026-01-31T01:48:07","slug":"automatic-square-tube-laser-cutting-off-machine","status":"publish","type":"product","link":"https:\/\/www.stevistech.com\/ro\/product\/masina-automata-de-taiat-cu-laser-a-tuburilor-patrate\/","title":{"rendered":"Ma\u0219in\u0103 automat\u0103 de t\u0103iat cu laser pentru tuburi p\u0103trate"},"content":{"rendered":"","protected":false},"excerpt":{"rendered":"","protected":false},"featured_media":592,"parent":0,"menu_order":6,"template":"","meta":{"_acf_changed":false},"product_category":[8],"class_list":["post-591","product","type-product","status-publish","has-post-thumbnail","hentry","product_category-pipe-laser-cutting-machine"],"acf":[],"_links":{"self":[{"href":"https:\/\/www.stevistech.com\/ro\/wp-json\/wp\/v2\/product\/591","targetHints":{"allow":["GET"]}}],"collection":[{"href":"https:\/\/www.stevistech.com\/ro\/wp-json\/wp\/v2\/product"}],"about":[{"href":"https:\/\/www.stevistech.com\/ro\/wp-json\/wp\/v2\/types\/product"}],"wp:featuredmedia":[{"embeddable":true,"href":"https:\/\/www.stevistech.com\/ro\/wp-json\/wp\/v2\/media\/592"}],"wp:attachment":[{"href":"https:\/\/www.stevistech.com\/ro\/wp-json\/wp\/v2\/media?parent=591"}],"wp:term":[{"taxonomy":"product_category","embeddable":true,"href":"https:\/\/www.stevistech.com\/ro\/wp-json\/wp\/v2\/product_category?post=591"}],"curies":[{"name":"wp","href":"https:\/\/api.w.org\/{rel}","templated":true}]}}