{"id":1041,"date":"2024-04-29T12:31:49","date_gmt":"2024-04-29T04:31:49","guid":{"rendered":"https:\/\/www.stevistech.com\/?post_type=product&#038;p=1041"},"modified":"2026-01-31T10:03:19","modified_gmt":"2026-01-31T02:03:19","slug":"automatic-press-brake-center","status":"publish","type":"product","link":"https:\/\/www.stevistech.com\/sl\/product\/avtomatsko-stiskalno-sredisce\/","title":{"rendered":"Samodejno stiskalno sredi\u0161\u010de ve\u010d velikosti"},"content":{"rendered":"","protected":false},"excerpt":{"rendered":"","protected":false},"featured_media":1042,"parent":0,"menu_order":2,"template":"","meta":{"_acf_changed":true},"product_category":[86],"class_list":["post-1041","product","type-product","status-publish","has-post-thumbnail","hentry","product_category-press-brake-machine"],"acf":[],"_links":{"self":[{"href":"https:\/\/www.stevistech.com\/sl\/wp-json\/wp\/v2\/product\/1041","targetHints":{"allow":["GET"]}}],"collection":[{"href":"https:\/\/www.stevistech.com\/sl\/wp-json\/wp\/v2\/product"}],"about":[{"href":"https:\/\/www.stevistech.com\/sl\/wp-json\/wp\/v2\/types\/product"}],"wp:featuredmedia":[{"embeddable":true,"href":"https:\/\/www.stevistech.com\/sl\/wp-json\/wp\/v2\/media\/1042"}],"wp:attachment":[{"href":"https:\/\/www.stevistech.com\/sl\/wp-json\/wp\/v2\/media?parent=1041"}],"wp:term":[{"taxonomy":"product_category","embeddable":true,"href":"https:\/\/www.stevistech.com\/sl\/wp-json\/wp\/v2\/product_category?post=1041"}],"curies":[{"name":"wp","href":"https:\/\/api.w.org\/{rel}","templated":true}]}}