{"id":221,"date":"2022-11-03T03:59:37","date_gmt":"2022-11-02T19:59:37","guid":{"rendered":"https:\/\/www.stevistech.com\/?post_type=product&#038;p=221"},"modified":"2026-01-31T09:47:42","modified_gmt":"2026-01-31T01:47:42","slug":"elbow-pipe-fittings-laser-cutting-machine","status":"publish","type":"product","link":"https:\/\/www.stevistech.com\/tr\/product\/dirsek-boru-baglanti-parcalari-lazer-kesim-makinesi\/","title":{"rendered":"Dirsek boru ba\u011flant\u0131 par\u00e7alar\u0131 lazer kesim makinesi"},"content":{"rendered":"","protected":false},"excerpt":{"rendered":"","protected":false},"featured_media":878,"parent":0,"menu_order":6,"template":"","meta":{"_acf_changed":false},"product_category":[8],"class_list":["post-221","product","type-product","status-publish","has-post-thumbnail","hentry","product_category-pipe-laser-cutting-machine"],"acf":[],"_links":{"self":[{"href":"https:\/\/www.stevistech.com\/tr\/wp-json\/wp\/v2\/product\/221","targetHints":{"allow":["GET"]}}],"collection":[{"href":"https:\/\/www.stevistech.com\/tr\/wp-json\/wp\/v2\/product"}],"about":[{"href":"https:\/\/www.stevistech.com\/tr\/wp-json\/wp\/v2\/types\/product"}],"wp:featuredmedia":[{"embeddable":true,"href":"https:\/\/www.stevistech.com\/tr\/wp-json\/wp\/v2\/media\/878"}],"wp:attachment":[{"href":"https:\/\/www.stevistech.com\/tr\/wp-json\/wp\/v2\/media?parent=221"}],"wp:term":[{"taxonomy":"product_category","embeddable":true,"href":"https:\/\/www.stevistech.com\/tr\/wp-json\/wp\/v2\/product_category?post=221"}],"curies":[{"name":"wp","href":"https:\/\/api.w.org\/{rel}","templated":true}]}}