{"id":587,"date":"2023-03-31T16:58:55","date_gmt":"2023-03-31T08:58:55","guid":{"rendered":"https:\/\/www.stevistech.com\/?post_type=product&#038;p=587"},"modified":"2026-01-31T10:20:18","modified_gmt":"2026-01-31T02:20:18","slug":"three-chuck-fiber-laser-pipe-cutting-machine","status":"publish","type":"product","link":"https:\/\/www.stevistech.com\/tr\/product\/uc-aynali-fiber-lazer-boru-kesme-makinesi\/","title":{"rendered":"\u00dc\u00e7 aynal\u0131 fiber lazer boru kesme makinesi"},"content":{"rendered":"","protected":false},"excerpt":{"rendered":"","protected":false},"featured_media":1199,"parent":0,"menu_order":7,"template":"","meta":{"_acf_changed":true},"product_category":[8],"class_list":["post-587","product","type-product","status-publish","has-post-thumbnail","hentry","product_category-pipe-laser-cutting-machine"],"acf":[],"_links":{"self":[{"href":"https:\/\/www.stevistech.com\/tr\/wp-json\/wp\/v2\/product\/587","targetHints":{"allow":["GET"]}}],"collection":[{"href":"https:\/\/www.stevistech.com\/tr\/wp-json\/wp\/v2\/product"}],"about":[{"href":"https:\/\/www.stevistech.com\/tr\/wp-json\/wp\/v2\/types\/product"}],"wp:featuredmedia":[{"embeddable":true,"href":"https:\/\/www.stevistech.com\/tr\/wp-json\/wp\/v2\/media\/1199"}],"wp:attachment":[{"href":"https:\/\/www.stevistech.com\/tr\/wp-json\/wp\/v2\/media?parent=587"}],"wp:term":[{"taxonomy":"product_category","embeddable":true,"href":"https:\/\/www.stevistech.com\/tr\/wp-json\/wp\/v2\/product_category?post=587"}],"curies":[{"name":"wp","href":"https:\/\/api.w.org\/{rel}","templated":true}]}}