{"id":993,"date":"2024-04-15T16:44:45","date_gmt":"2024-04-15T08:44:45","guid":{"rendered":"https:\/\/www.stevistech.com\/?post_type=product&#038;p=993"},"modified":"2024-04-15T17:00:51","modified_gmt":"2024-04-15T09:00:51","slug":"small-metal-tube-double-end-chamfering-machine","status":"publish","type":"product","link":"https:\/\/www.stevistech.com\/tr\/product\/kucuk-metal-boru-cift-uclu-pah-kirma-makinesi\/","title":{"rendered":"K\u00fc\u00e7\u00fck metal boru \u00e7ift u\u00e7lu pah k\u0131rma makinesi"},"content":{"rendered":"","protected":false},"excerpt":{"rendered":"","protected":false},"featured_media":971,"parent":0,"menu_order":3,"template":"","meta":{"_acf_changed":false},"product_category":[6],"class_list":["post-993","product","type-product","status-publish","has-post-thumbnail","hentry","product_category-pipe-bar-chamfering-machine"],"acf":[],"_links":{"self":[{"href":"https:\/\/www.stevistech.com\/tr\/wp-json\/wp\/v2\/product\/993","targetHints":{"allow":["GET"]}}],"collection":[{"href":"https:\/\/www.stevistech.com\/tr\/wp-json\/wp\/v2\/product"}],"about":[{"href":"https:\/\/www.stevistech.com\/tr\/wp-json\/wp\/v2\/types\/product"}],"wp:featuredmedia":[{"embeddable":true,"href":"https:\/\/www.stevistech.com\/tr\/wp-json\/wp\/v2\/media\/971"}],"wp:attachment":[{"href":"https:\/\/www.stevistech.com\/tr\/wp-json\/wp\/v2\/media?parent=993"}],"wp:term":[{"taxonomy":"product_category","embeddable":true,"href":"https:\/\/www.stevistech.com\/tr\/wp-json\/wp\/v2\/product_category?post=993"}],"curies":[{"name":"wp","href":"https:\/\/api.w.org\/{rel}","templated":true}]}}